{"id":193,"date":"2021-11-27T14:15:17","date_gmt":"2021-11-27T13:15:17","guid":{"rendered":"https:\/\/elektrosk.at\/?page_id=193"},"modified":"2022-09-16T20:38:13","modified_gmt":"2022-09-16T18:38:13","slug":"lehrling-gesucht","status":"publish","type":"page","link":"https:\/\/elektrosk.at\/index.php\/lehrling-gesucht\/","title":{"rendered":"Lehrling gesucht"},"content":{"rendered":"\n<div class=\"wp-block-columns is-layout-flex wp-container-core-columns-is-layout-9d6595d7 wp-block-columns-is-layout-flex\">\n<div class=\"wp-block-column is-vertically-aligned-bottom is-layout-flow wp-block-column-is-layout-flow\">\n<h2 class=\"has-text-color wp-block-heading\" id=\"headline-304-89\" style=\"color:#000000\"><strong>Lehrling<\/strong><\/h2>\n\n\n\n<h4 class=\"has-text-color wp-block-heading\" id=\"headline-304-89\" style=\"color:#000000\">Elektroinstallationstechniker<\/h4>\n\n\n\n<p>Du suchst einen innovativen Arbeitsplatz, in einem jungen Team, famili\u00e4r gef\u00fchrt und mit Leuten aus der Region? Lass dich anstecken und komm ins Team von Elektro SK!<\/p>\n\n\n\n<p>Ein kleiner Tastendruck kann viel ausl\u00f6sen. Licht in verschiedensten Formen und Farben, Motore starten, Musik ert\u00f6nt, Maschinen werden gesteuert und manchmal alles gleichzeitig. Dich hat schon immer interessiert was dahinter steckt und wie das funktioniert?<\/p>\n\n\n\n<p>Dann werde Elektroinstallationstechniker\/-in! Vom Einfamilienwohnhaus mit moderner Bus-Installation bis hin zu gro\u00dfen Firmengeb\u00e4uden von \u00d6sterreichs f\u00fchrenden Unternehmen kannst du selbst die Magie der Elektrotechnik formen.<\/p>\n\n\n\n<p>Dein Lehrberuf als Elektroinstallationstechniker dauert grunds\u00e4tzlich 3,5 Jahre. Wir empfehlen dir, aus einem der angebotenen zukunftsorientierten Schwerpunkte ein Zusatzmodul mit einer Dauer von 6 Monaten zu w\u00e4hlen. Dein Lohn im 1. Lehrjahr betr\u00e4gt \u20ac 726,13.<\/p>\n\n\n\n<p>Interessant ist auch, dass Absolventen der Landwirtschaftsschule eine um 1 Jahr verk\u00fcrzte Lehrzeit haben. Um n\u00e4here Ausk\u00fcnfte zu erhalten, kannst du uns gerne jederzeit kontaktieren.<\/p>\n\n\n\n<h4 class=\"has-text-color wp-block-heading\" id=\"headline-304-89\" style=\"color:#000000\">Unser Angebot<\/h4>\n\n\n\n<p>Aufgrund des famili\u00e4ren Betriebsklimas stehen die Mitarbeiter bei Elektro SK stets im Mittelpunkt. Mit dem Teamtreue-Programm gibt es seit kurzem eine gro\u00dfartige Erg\u00e4nzung zu den bisherigen Sozialleistungen.<\/p>\n\n\n\n<p>Event-Tickets, Leistungstests und Ern\u00e4hrungsberatung, Auto-Pickerl, Reisen und Technik \u2013 bei der breiten Palette an m\u00f6glichen Goodies findet jeder das Passende f\u00fcr sich.<\/p>\n\n\n\n<div class=\"wp-block-buttons is-layout-flex wp-block-buttons-is-layout-flex\">\n<div class=\"wp-block-button\"><a class=\"wp-block-button__link\" href=\"https:\/\/elektrosk.at\/index.php\/bewerbung\/\" target=\"_blank\" rel=\"noreferrer noopener\">Jetzt Bewerben<\/a><\/div>\n<\/div>\n\n\n\n<p><\/p>\n<\/div>\n<\/div>\n","protected":false},"excerpt":{"rendered":"<p>Lehrling Elektroinstallationstechniker Du suchst einen innovativen Arbeitsplatz, in einem jungen Team, famili\u00e4r gef\u00fchrt und mit Leuten aus der Region? Lass dich anstecken und komm ins Team von Elektro SK! Ein kleiner Tastendruck kann viel ausl\u00f6sen. Licht in verschiedensten Formen und Farben, Motore starten, Musik ert\u00f6nt, Maschinen werden gesteuert und manchmal alles gleichzeitig. Dich hat schon [&hellip;]<\/p>\n","protected":false},"author":1,"featured_media":0,"parent":0,"menu_order":0,"comment_status":"closed","ping_status":"closed","template":"","meta":{"_monsterinsights_skip_tracking":false,"_monsterinsights_sitenote_active":false,"_monsterinsights_sitenote_note":"","_monsterinsights_sitenote_category":0,"footnotes":""},"class_list":["post-193","page","type-page","status-publish","hentry"],"_links":{"self":[{"href":"https:\/\/elektrosk.at\/index.php\/wp-json\/wp\/v2\/pages\/193","targetHints":{"allow":["GET"]}}],"collection":[{"href":"https:\/\/elektrosk.at\/index.php\/wp-json\/wp\/v2\/pages"}],"about":[{"href":"https:\/\/elektrosk.at\/index.php\/wp-json\/wp\/v2\/types\/page"}],"author":[{"embeddable":true,"href":"https:\/\/elektrosk.at\/index.php\/wp-json\/wp\/v2\/users\/1"}],"replies":[{"embeddable":true,"href":"https:\/\/elektrosk.at\/index.php\/wp-json\/wp\/v2\/comments?post=193"}],"version-history":[{"count":0,"href":"https:\/\/elektrosk.at\/index.php\/wp-json\/wp\/v2\/pages\/193\/revisions"}],"wp:attachment":[{"href":"https:\/\/elektrosk.at\/index.php\/wp-json\/wp\/v2\/media?parent=193"}],"curies":[{"name":"wp","href":"https:\/\/api.w.org\/{rel}","templated":true}]}}