{"id":2,"date":"2021-05-21T23:33:58","date_gmt":"2021-05-21T21:33:58","guid":{"rendered":"https:\/\/elektrosk.at\/?page_id=2"},"modified":"2022-09-16T21:14:52","modified_gmt":"2022-09-16T19:14:52","slug":"beispiel_seite","status":"publish","type":"page","link":"https:\/\/elektrosk.at\/index.php\/beispiel_seite\/","title":{"rendered":"Unternehmen"},"content":{"rendered":"\n<h2 class=\"wp-block-heading\"><span style=\"color:#040404\" class=\"has-inline-color\"><strong>Elektro SK GmbH &amp; Co KG<\/strong><\/span><\/h2>\n\n\n\n<hr class=\"wp-block-separator\"\/>\n\n\n\n<blockquote class=\"wp-block-quote has-text-align-right is-style-default is-layout-flow wp-block-quote-is-layout-flow\"><p>&#8222;<span style=\"color:#040404\" class=\"has-inline-color\"><strong>Von Anfang an habe ich es mir zur Aufgabe gemacht, einen qualitativ hochwertigen Betrieb aufzubauen und zu erhalten, was in erster Linie unseren Kunden und auch den Angestellten zugute kommen sollte. Mein Team aus zuverl\u00e4ssigen und professionellen Mitarbeitern hilft Ihnen mit fachlicher Kompetenz weiter.&#8220;<\/strong><\/span><\/p><cite>Gesch\u00e4ftsf\u00fchrer<br>Kasim Seferovic<br>geb. am 24.10.1967 in Bosnien<\/cite><\/blockquote>\n\n\n\n<div class=\"wp-block-webfactory-map\"><div class=\"wp-block-webfactory-map\"><iframe width=\"100%\" height=\"688px\" src=\"https:\/\/www.google.com\/maps\/embed\/v1\/place?q=Elektro%20SK&amp;maptype=roadmap&amp;zoom=18&amp;key=AIzaSyAjyDspiPfzEfjRSS5fQzm-3jHFjHxeXB4\" frameborder=\"0\"><\/iframe><\/div><\/div>\n\n\n\n<div class=\"wp-block-columns are-vertically-aligned-center is-layout-flex wp-container-core-columns-is-layout-9d6595d7 wp-block-columns-is-layout-flex\">\n<div class=\"wp-block-column is-vertically-aligned-center is-layout-flow wp-block-column-is-layout-flow\" style=\"flex-basis:100%\"><\/div>\n<\/div>\n","protected":false},"excerpt":{"rendered":"<p>Elektro SK GmbH &amp; Co KG &#8222;Von Anfang an habe ich es mir zur Aufgabe gemacht, einen qualitativ hochwertigen Betrieb aufzubauen und zu erhalten, was in erster Linie unseren Kunden und auch den Angestellten zugute kommen sollte. Mein Team aus zuverl\u00e4ssigen und professionellen Mitarbeitern hilft Ihnen mit fachlicher Kompetenz weiter.&#8220; Gesch\u00e4ftsf\u00fchrerKasim Seferovicgeb. am 24.10.1967 in [&hellip;]<\/p>\n","protected":false},"author":1,"featured_media":0,"parent":0,"menu_order":0,"comment_status":"closed","ping_status":"open","template":"","meta":{"_monsterinsights_skip_tracking":false,"_monsterinsights_sitenote_active":false,"_monsterinsights_sitenote_note":"","_monsterinsights_sitenote_category":0,"footnotes":""},"class_list":["post-2","page","type-page","status-publish","hentry"],"_links":{"self":[{"href":"https:\/\/elektrosk.at\/index.php\/wp-json\/wp\/v2\/pages\/2","targetHints":{"allow":["GET"]}}],"collection":[{"href":"https:\/\/elektrosk.at\/index.php\/wp-json\/wp\/v2\/pages"}],"about":[{"href":"https:\/\/elektrosk.at\/index.php\/wp-json\/wp\/v2\/types\/page"}],"author":[{"embeddable":true,"href":"https:\/\/elektrosk.at\/index.php\/wp-json\/wp\/v2\/users\/1"}],"replies":[{"embeddable":true,"href":"https:\/\/elektrosk.at\/index.php\/wp-json\/wp\/v2\/comments?post=2"}],"version-history":[{"count":0,"href":"https:\/\/elektrosk.at\/index.php\/wp-json\/wp\/v2\/pages\/2\/revisions"}],"wp:attachment":[{"href":"https:\/\/elektrosk.at\/index.php\/wp-json\/wp\/v2\/media?parent=2"}],"curies":[{"name":"wp","href":"https:\/\/api.w.org\/{rel}","templated":true}]}}