{"id":283,"date":"2022-03-31T13:48:19","date_gmt":"2022-03-31T11:48:19","guid":{"rendered":"https:\/\/elektrosk.at\/?page_id=283"},"modified":"2022-09-16T21:35:30","modified_gmt":"2022-09-16T19:35:30","slug":"datenschutz","status":"publish","type":"page","link":"https:\/\/elektrosk.at\/index.php\/datenschutz\/","title":{"rendered":"Datenschutz"},"content":{"rendered":"\n<div class=\"wp-block-buttons is-layout-flex wp-block-buttons-is-layout-flex\">\n<div class=\"wp-block-button\"><a class=\"wp-block-button__link has-headings-color has-sitetext-background-color has-text-color has-background\">Information zum Datenschutz<\/a><\/div>\n<\/div>\n\n\n\n<p><br>Website: www.elektrosk.at<br><strong><br><\/strong>Der Schutz Ihrer personenbezogenen Daten ist uns wichtig und wir m\u00f6chten, dass Sie sich beim Besuch unserer Website sicher f\u00fchlen.<\/p>\n\n\n\n<p>Wir halten uns an die Bestimmungen des Datenschutzrechts, insbesondere die EU-Datenschutzgrundverordnung (\u201eDSGVO\u201c).<\/p>\n\n\n\n<p>In dieser Information zum Datenschutz erl\u00e4utern wir Ihnen, welche Informationen (eingeschlossen darin personenbezogene Daten) wir verarbeiten, wenn Sie unsere Website www.elektrosk.at (\u201eWebsite\u201c) besuchen und nutzen.<\/p>\n\n\n\n<p>Wir m\u00f6chten darauf hinweisen, dass bei der Daten\u00fcbertragung im Internet (z. B. bei der Kommunikation per E-Mail) Sicherheitsl\u00fccken auftreten k\u00f6nnen. Daten vollst\u00e4ndig vor dem Zugriff durch Dritte zu sch\u00fctzen ist nicht m\u00f6glich.<\/p>\n\n\n\n<p><strong>I. Wer ist f\u00fcr die Datenverarbeitung verantwortlich?<\/strong><\/p>\n\n\n\n<p>Verantwortlicher im Sinne des Datenschutzrechts f\u00fcr die Verarbeitung personenbezogener Daten ist:<br><br><strong>elektro sk GmbH &amp; Co KG<\/strong> (&#8222;wir&#8220;) Valiergasse 62, 6020 Innsbruck, Tel.: +43 650 8401705 <strong>office@elektrosk.at<\/strong><\/p>\n\n\n\n<p>Kontaktdaten des Datenschutzbeauftragten:<br>Datenschutzbeauftragter elektro sk GmbH &amp; Co KG Valiergasse 62, 6020 Innsbruck<br>Tel.: +43 650 8401705<br><strong><strong>office@elektrosk.at<\/strong><\/strong><\/p>\n\n\n\n<p><strong>II. Welche Daten verarbeiten wir?<\/strong><\/p>\n\n\n\n<p>Sie k\u00f6nnen auf unsere Website zugreifen, ohne unmittelbar Angaben zu Ihrer Person (wie Name, Postanschrift oder E-Mail-Adresse) zu machen. Um Ihnen allerdings den Zugriff auf unsere Website zu erm\u00f6glichen, m\u00fcssen wir bestimmte Informationen erheben und speichern.<\/p>\n\n\n\n<ol class=\"wp-block-list\"><li>Logdateien: Wir sammeln Informationen \u00fcber Sie, wenn Sie diese Website nutzen. Wir erfassen automatisch Informationen \u00fcber Ihr Nutzungsverhalten und Ihre Interaktion mit uns und registrieren Daten zu Ihrem Computer oder Mobilger\u00e4t. Wir erheben, speichern und nutzen Daten \u00fcber jeden Zugriff auf unser Onlineangebot (sogenannte Serverlogfiles). Zu den Zugriffsdaten geh\u00f6ren Name und URL der abgerufenen Datei, Datum und Uhrzeit des Abrufs, \u00fcbertragene Datenmenge, Meldung \u00fcber erfolgreichen Abruf (HTTP response code), Browsertyp und Browserversion, Betriebssystem, Referrer URL (d.h. die zuvor besuchte Seite), IP-Adresse und der anfragende Provider. Wir nutzen diese Protokolldaten ohne Zuordnung zu Ihrer Person oder sonstiger Profilerstellung f\u00fcr statistische Auswertungen zum Zweck des Betriebs, der Sicherheit und der Optimierung unseres Onlineangebotes, aber auch zur anonymen Erfassung der Anzahl der Besucher auf unserer Website (traffic) sowie zu Umfang und zur Art der Nutzung unserer Website und Dienste, ebenso zu Abrechnungszwecken, um die Anzahl der von Kooperationspartnern erhaltenen Clicks zu messen. Aufgrund dieser Informationen k\u00f6nnen wir personalisierte und standortbezogene Inhalte zur Verf\u00fcgung stellen und den Datenverkehr analysieren, Fehler suchen und beheben und unsere Dienste verbessern. Wir behalten uns vor, die Protokolldaten nachtr\u00e4glich zu \u00fcberpr\u00fcfen, wenn aufgrund konkreter Anhaltspunkte der berechtigte Verdacht einer rechtswidrigen Nutzung besteht. IP-Adressen speichern wir f\u00fcr einen begrenzten Zeitraum in den Logfiles, wenn dies f\u00fcr Sicherheitszwecke oder f\u00fcr eine Leistungserbringung erforderlich ist. IP-Adressen speichern wir auch dann, wenn wir den konkreten Verdacht einer Straftat im Zusammenhang mit der Nutzung unserer Website haben. Au\u00dferdem speichern wir an einigen Stellen das Datum Ihres letzten Besuchs (z. B. bei Registrierung, Login, Klicken von Links etc.).<\/li><li>E-Mail-Newsletter: Auf unserer Website bieten wir Ihnen die M\u00f6glichkeit, unseren E-Mail-Newsletter zu bestellen. Die daf\u00fcr notwendigen Informationen sind in dem Bestellformular aufgef\u00fchrt; dazu geh\u00f6ren \u00fcblicherweise Ihr Vor- und Nachname, Ihr Unternehmen, Funktion, Herkunftsland und E-Mail-Adresse. Pflichtfelder sind entsprechend gekennzeichnet.<\/li><li>Kontaktaufnahme: Wenn Sie sich \u00fcber eine der auf unserer Website angebotenen M\u00f6glichkeiten an uns wenden, verarbeiten wir zur Bearbeitung und Beantwortung Ihrer Anfrage alle personenbezogenen Daten, die in Ihrer Nachricht enthalten und angegeben sind.<\/li><li>Cookies: Wir verwenden Cookies, um unser Angebot so benutzerfreundlich wie m\u00f6glich zu gestalten. Cookies sind kleine Textdateien, die von Ihrem Internetbrowser gespeichert werden. Mithilfe dieser Dateien k\u00f6nnen wir die Pr\u00e4ferenzen unserer Besucher beim Surfen auf der Website erkennen und unsere Website entsprechend gestalten. Die meisten der von uns verwendeten Cookies werden als Session-Cookies bezeichnet. Sie werden automatisch gel\u00f6scht, wenn Sie die Website verlassen. Zur Steuerung der Lastverteilung (Load Balancing) auf unseren Servern dient der Cookie &#8222;lbpersistence&#8220;. Wir verwenden auch permanente Cookies. \u00dcber unsere Cookies werden keine personenbezogenen Daten erhoben; sie sind auch nicht daf\u00fcr geeignet, Sie auf Websites Dritter identifizierbar zu machen, sofern nicht in dieser Datenschutzerkl\u00e4rung hinsichtlich konkreter Tools etwas anderes angegeben ist. Sie k\u00f6nnen die Einstellungen Ihres Browsers so anpassen, dass Sie benachrichtigt werden, wenn Cookies gesetzt werden. Auf diese Weise wird die Verwendung von Cookies f\u00fcr Sie transparent. \u00dcber Ihre Browsereinstellungen k\u00f6nnen Sie Cookies generell ablehnen. Dies kann jedoch zur Folge haben, dass Sie nicht alle Funktionen unserer Website nutzen k\u00f6nnen.<\/li><li>Website-Analyse mit Google Analytics: Auf unserer Website verwenden wir auch Google Analytics, einen Webanalysedienst von Google Inc., 1600 Amphitheatre Parkway, Mountain View, CA 94043, USA (\u201eGoogle\u201c), um unsere Website kontinuierlich zu verbessern. Google Analytics verwendet ebenfalls Cookies, die auf Ihrem Computer gespeichert werden und eine Analyse der Benutzung dieser Website erm\u00f6glichen. Auf der Website wird eine erweiterte Version von Google Analytics zwecks anonymisierter Erhebung von IP-Adressen (auch IP-Masking genannt) angewendet. Google nutzt die in unserem Auftrag erhobenen Daten, um Ihre Nutzung unseres Internetauftritts zu analysieren, Berichte \u00fcber Aktivit\u00e4ten auf der Website zu erstellen und um f\u00fcr uns zus\u00e4tzliche Dienstleistungen im Zusammenhang mit der Nutzung der Website zu erbringen. Die im Rahmen von Google Analytics von Ihrem Browser \u00fcbermittelte IP- Adresse wird nicht mit anderen Daten von Google zusammengef\u00fchrt. Sie k\u00f6nnen das Speichern von Cookies deaktivieren, indem Sie die entsprechenden Einstellungen Ihrer Browsersoftware \u00e4ndern. Bitte beachten Sie, dass Sie in diesem Fall m\u00f6glicherweise nicht alle Funktionen der Website im vollen Umfang nutzen k\u00f6nnen. Sie k\u00f6nnen auch verhindern, dass die durch das Cookie erzeugten Daten bez\u00fcglich Ihrer Nutzung dieser Website (einschlie\u00dflich Ihrer IP-Adresse) aufgezeichnet und an Google \u00fcbermittelt werden und die Verarbeitung dieser Daten durch Google erfolgt, indem Sie das unter folgendem Link verf\u00fcgbare Browser-Plugin herunterladen und installieren: <strong>http:\/\/tools.google.com<\/strong>; dann wird ein Abmelde-Cookie installiert, das die Erhebung Ihrer Daten beim Besuch dieser Website verhindert. Weitere Informationen zum Datenschutz bei Google Analytics erhalten Sie unter folgendem Link: <strong>www.google.com\/analytics <\/strong>und <strong>www.google.com\/privacyoverview.html<\/strong>.<\/li><li>Marketing-Aktivit\u00e4ten: Bei Besuch unserer Website werden durch die Technologie der Google Inc. (\u201eGoogle\u201c), teilweise Cookies gesetzt, die zu allgemeinen Marketing-, Retargeting und Statistikzwecken verwendet werden. Durch diese Cookies k\u00f6nnen personalisierte Werbeeinblendungen auf externen Websites ausgel\u00f6st werden. Auch bei diesem Verfahren generieren wir ausschlie\u00dflich anonymisierte Nutzerdaten. Die meisten Browser sind automatisch so eingestellt, dass Cookies akzeptiert werden. Auf Wunsch k\u00f6nnen Sie Ihren Browser jedoch durch \u00c4nderung Ihrer Browser-Einstellungen so konfigurieren, dass Cookies eingeschr\u00e4nkt oder v\u00f6llig blockiert werden. 1. Moccabirds Conversion Tracking: Diese Website verwendet Moccabirds Conversion Tracking, ein Service, der von Moccabirds GmbH, Sichelstr. 6, 54290 Trier, zur Verf\u00fcgung gestellt wird. Hierbei wird mittels eines Tracking-Pixels (gtag) die Conversion-Rate (abgegebene Bewerbungen) gemessen. Die Ergebnisse k\u00f6nnen durch uns nicht auf eine nat\u00fcrliche Person zur\u00fcckverfolgt werden.<\/li><li>Customer Relationship Management (CRM): Daten, die Sie uns \u00fcber unsere Website zur Verf\u00fcgung stellen (z.B. in Formularen f\u00fcr Bewerbungen, Abfragen zu Einwilligungen), werden in der Salesforce Sales Cloud (salesforce.com Germany GmbH, Erika-Mann-Str. 31, 80636 M\u00fcnchen) derzeit auf Servern in Deutschland und Frankreich zur Abwicklung Sales- und Recruiting-Prozesse genutzt. Die Daten in der Salesforce Sales Cloud werden ausschlie\u00dflich durch uns verwendet. Die Verarbeitung Ihrer Daten in der Salesforce Sales Cloud beruht, wo einschl\u00e4gig, auf unserem berechtigten Interesse ein CRM-System einzusetzen gem\u00e4\u00df Art. 6 Abs 1 1 lit f) EU-DSGVO, ansonsten auf Ihrer Einwilligung gem\u00e4\u00df Art. 6 Abs. 1 S. 1 lit. a) EU-DSGVO.<\/li><li>Plug-Ins und Tools<ol><li>YouTube Unsere Website verwendet Plug-Ins, die von der von Google betriebenen Website bereitgestellt werden: YouTube. Die Sites werden von YouTube, LLC, 901 Cherry Ave., San Bruno, CA 94066, USA, betrieben. Wenn Sie eine unserer mit einem YouTube-Plugin ausgestatteten Seiten besuchen, wird eine Verbindung zu den YouTube-Servern hergestellt. Dadurch wird dem YouTube-Server \u00fcbermittelt, welche Seiten unserer Website Sie besucht haben. Wenn Sie sich bei Ihrem YouTube-Konto angemeldet haben, erm\u00f6glichen Sie YouTube, Ihre Surfgewohnheiten direkt mit Ihrem pers\u00f6nlichen Profil zu verkn\u00fcpfen. Sie k\u00f6nnen dies verhindern, indem Sie sich bei Ihrem YouTube-Konto abmelden. Weitere Informationen zum Umgang mit Benutzerdaten finden Sie in den Datenschutzhinweisen von YouTube unter: <strong>www.google.de\/privacy<\/strong>.<\/li><li>Google Web-Fonts<br>Diese Website verwendet Web-Fonts von Google, damit eine einheitliche Darstellung der Schriften gew\u00e4hrleistet ist. Wenn eine Seite aufgerufen wird, l\u00e4dt Ihr Browser die notwendigen Web-Fonts in Ihren Browser-Cache, damit Texte und Schriftarten korrekt angezeigt werden. Zu diesem Zweck werden Web-Fonts auf unseren Servern gespeichert. Eine Daten\u00fcbermittlung an Google findet nicht statt. Wenn Ihr Browser Web-Fonts nicht unterst\u00fctzt, wird eine Standardschriftart Ihres Computers verwendet. Weitere Information \u00fcber Web-Fonts von Google sind unter <strong>https:\/\/developers.google.com\/fonts <\/strong>und unter dem Datenschutzhinweis von Google: <strong>www.google.com\/privacy <\/strong>erh\u00e4ltlich.<\/li><li>Google Maps<br>Diese Website verwendet den Kartendienst Google Maps \u00fcber ein API. Google Maps wird von Google bereitgestellt. Damit Sie die Funktionen von Google Maps nutzen k\u00f6nnen, muss Ihre IP-Adresse gespeichert werden. Diese Daten werden meist auf einen Google- Server in den USA \u00fcbertragen und dort gespeichert. Auf diese Daten\u00fcbertragung hat der Betreiber dieser Website keinen Einfluss. Weitere Informationen \u00fcber den Umgang mit Benutzerdaten finden Sie unter dem Datenschutzhinweis von Google: <strong>www.google.de\/privacy<\/strong>.<\/li><\/ol><\/li><li>Links zu anderen Websites: Unsere Website bietet auch Links zu anderen Angeboten (einschlie\u00dflich unserer Online-Pr\u00e4senz auf Facebook, YouTube, Google+, LinkedIn und Instagram). Diese Links sind keine \u201eSocial Plug-Ins\u201c (d.h. Schaltfl\u00e4chen, \u00fcber die der das entsprechende Angebot bereitstellende Betreiber bereits beim Zugriff auf unsere Website Informationen \u00fcber die Benutzer unserer Website erheben kann). Bitte beachten Sie jedoch, dass beim Zugriff auf dieses andere Angebot durch den Betreiber dieses Angebotes Informationen (m\u00f6glicherweise einschlie\u00dflich personenbezogener Daten) \u00fcber Ihren Besuch erhoben werden k\u00f6nnen. Weitere Informationen enth\u00e4lt der Datenschutzhinweis des Betreibers des entsprechenden Angebotes.<\/li><\/ol>\n\n\n\n<p><strong>III. F\u00fcr welche Zwecke und aufgrund welcher rechtlichen Grundlage verarbeiten wir Ihre Daten?<\/strong><\/p>\n\n\n\n<ol class=\"wp-block-list\"><li>Die m\u00f6glicherweise in den Logfiles enthaltenen personenbezogenen Daten werden verarbeitet, um Ihnen die Nutzung unserer Website zu erm\u00f6glichen; die Verarbeitung erfolgt gem\u00e4\u00df \u00a7 15 Abs. 1 deutsches Telemediengesetz (TMG), und Artikel 6 Abs. 1 f) DSGVO zur Wahrung unseres berechtigten Interesses am Betreiben unserer Website.<\/li><li>Die \u00fcber Cookies erhobenen Daten (einschlie\u00dflich Webanalysedienste, Plug-Ins und Tools) und die pseudonymisierten Benutzerprofile werden zu Werbe- und Marktforschungszwecken sowie zwecks benutzerfreundlicher Gestaltung unserer Website auf der Grundlage von \u00a7 15 Abs. 3 TMG und Artikel 6 Abs. 1 f) DSGVO zur Wahrung unseres berechtigten Interesses an einer Analyse der Nutzung und der benutzerfreundlichen Gestaltung unserer Website verarbeitet.<\/li><li>Die im Zusammenhang mit der Bestellung des Newsletters angegebenen Daten werden auf der Grundlage von Artikel 6 Abs. 1 a) DSGVO (Einwilligung) verarbeitet.<\/li><li>Die Datenverarbeitung im Rahmen der Beantwortung einer Anfrage st\u00fctzt sich auf Artikel 6 Abs. 1 f) DSGVO zur Wahrung unseres berechtigten Interesses an der Herstellung und Pflege von Gesch\u00e4ftskontakten. Soweit sich Ihre Anfrage auf den Abschluss eines Vertrages oder auf vorvertragliche Ma\u00dfnahmen bezieht, verarbeiten wir Ihre personenbezogenen Daten auf der Grundlage von Artikel 6 Abs. 1 b) DSGVO, im Rahmen von Besch\u00e4ftigungsverh\u00e4ltnissen auf Grundlage von \u00a7 26 BDSG.<\/li><li>Wir k\u00f6nnen die im Zusammenhang mit Ihrer Nutzung unserer Website verarbeiteten personenbezogenen Daten auch zur Erf\u00fcllung gesetzlicher Verpflichtungen verarbeiten, denen wir unterliegen; dies geschieht aufgrund Artikel 6 Abs. 1 c) DSGVO.<\/li><li>Gegebenenfalls verarbeiten wir personenbezogene Daten au\u00dfer zu den oben genannten Zwecken auch zur Wahrung unserer berechtigten Interessen oder der Interessen Dritter; dies geschieht aufgrund Artikel 6 Abs. 1 f) DSGVO. Zu unseren berechtigten Interessen geh\u00f6ren die Geltendmachung von Rechtsanspr\u00fcchen und die Verteidigung unserer Interessen bei Rechtsstreitigkeiten, die Verh\u00fctung und Aufkl\u00e4rung von Straftaten sowie die Leitung und Weiterentwicklung unserer Gesch\u00e4ftst\u00e4tigkeit einschlie\u00dflich Risikomanagement.<\/li><\/ol>\n\n\n\n<p><strong>IV. Muss ich Daten bereitstellen?<\/strong><\/p>\n\n\n\n<p>Die f\u00fcr die Bestellung des Newsletter erforderlichen Informationen sind in dem entsprechenden Bereich dieser Website (z. B. im entsprechenden Online-Formular) als Pflichtangaben gekennzeichnet. Um auf eine an uns gerichtete Anfrage reagieren zu k\u00f6nnen, ben\u00f6tigen wir zumindest Ihren Namen und Informationen dar\u00fcber, wie wir mit Ihnen in Kontakt treten k\u00f6nnen (z. B. Postanschrift oder E- Mail-Adresse). Wir k\u00f6nnen Ihre Anfrage nicht bearbeiten, wenn uns die Pflichtangaben oder erforderlichen Informationen nicht bereitgestellt werden.<\/p>\n\n\n\n<p>Wenn wir zus\u00e4tzliche personenbezogene Daten von Ihnen erheben, werden wir Sie im Rahmen der Erhebung Ihrer Daten dar\u00fcber informieren, ob die Bereitstellung dieser Daten auf einer gesetzlichen oder vertraglichen Verpflichtung beruht oder eine f\u00fcr den Abschluss eines Vertrages erforderliche Anforderung ist. Diesbez\u00fcglich kennzeichnen wir \u00fcblicherweise die Informationen, die freiwillig gemacht werden k\u00f6nnen und deren Bereitstellung nicht auf den vorgenannten Verpflichtungen basiert oder f\u00fcr den Abschluss eines Vertrages nicht erforderlich ist.<\/p>\n\n\n\n<p><strong>V. Wer ist der Empf\u00e4nger meiner Daten?<\/strong><\/p>\n\n\n\n<p>In der Regel werden Ihre personenbezogenen Daten in unserem Unternehmen verarbeitet. Je nach Art der personenbezogenen Daten haben nur bestimmte Abteilungen \/ organisatorische Einheiten Zugriff auf Ihre personenbezogenen Daten. Ein Rollen- und Berechtigungskonzept beschr\u00e4nkt den Zugriff innerhalb unseres Unternehmens auf die f\u00fcr den jeweiligen Verarbeitungszweck erforderlichen Funktionen und auf den diesbez\u00fcglich erforderlichen Umfang.<\/p>\n\n\n\n<p>Soweit gesetzlich zul\u00e4ssig, k\u00f6nnen wir Ihre personenbezogenen Daten auch an Dritte au\u00dferhalb unseres Unternehmens weitergeben. Insbesondere k\u00f6nnen zu diesen externen Empf\u00e4ngern folgende Personen geh\u00f6ren:<\/p>\n\n\n\n<p>Unternehmen, die zu unserer Unternehmensgruppe geh\u00f6ren, sofern sie an der Bearbeitung von Anfragen oder Auftr\u00e4gen beteiligt sind, von uns beauftragte Dienstleister, die auf der Grundlage eines gesonderten Vertrages Dienstleistungen f\u00fcr uns erbringen, zu denen auch die Verarbeitung personenbezogener Daten geh\u00f6ren kann, sowie alle von unseren Dienstleistern mit unserer Zustimmung beauftragten Subunternehmer,<\/p>\n\n\n\n<ul class=\"wp-block-list\"><li>mit der Bearbeitung Ihres Auftrags befasste Versandunternehmen,<\/li><li>mit der Bearbeitung von Zahlungen befasste Kreditinstitute,<\/li><li>nicht\u00f6ffentliche und \u00f6ffentliche Stellen, soweit wir aufgrund gesetzlicher Verpflichtungen zur<\/li><li>\u00dcbermittlung Ihrer personenbezogenen Daten verpflichtet sind.<\/li><\/ul>\n\n\n\n<p><strong>VI. Wird automatisierte Entscheidungsfindung verwendet?<\/strong><\/p>\n\n\n\n<p>Im Zusammenhang mit dem Betreiben unserer Website verwenden wir \u00fcblicherweise keine automatisierte Entscheidungsfindung (einschlie\u00dflich Profiling) im Sinne von Artikel 22 DSGVO. Falls wir in besonderen F\u00e4llen solche Verfahren verwenden, werden wir Sie im gesetzlich vorgesehenen Umfang dar\u00fcber gesondert in Kenntnis setzen.<\/p>\n\n\n\n<p><strong>VII. Werden Daten in L\u00e4nder au\u00dferhalb der EU \/ des EWR \u00fcbermittelt?<\/strong><\/p>\n\n\n\n<p>Im Rahmen unserer Webanalysedienste, Plug-Ins und Tools sowie im Zusammenhang mit der Nutzung unserer Website und der Kontaktaufnahme mit uns k\u00f6nnen Informationen an Empf\u00e4nger in \u201eDrittl\u00e4ndern\u201c, insbesondere den USA, \u00fcbermittelt werden. \u201eDrittl\u00e4nder\u201c sind L\u00e4nder au\u00dferhalb der Europ\u00e4ischen Union bzw. des Europ\u00e4ischen Wirtschaftsraums, bei denen nicht ohne Weiteres davon ausgegangen werden kann, dass das Datenschutzniveau mit dem der Europ\u00e4ischen Union vergleichbar ist. Soweit zu den \u00fcbermittelten Informationen auch personenbezogene Daten geh\u00f6ren und wir nicht aufgrund einer gesetzlichen Verpflichtung zur \u00dcbermittlung der Daten verpflichtet sind, werden wir vor einer \u00dcbermittlung sicherstellen, dass das erforderliche angemessene Datenschutzniveau in dem jeweiligen Drittland oder von dem Empf\u00e4nger in dem Drittland eingehalten wird. Dies kann insbesondere in Form eines \u201eAngemessenheitsbeschlusses\u201c der Europ\u00e4ischen Kommission geschehen, der sicherstellt, dass f\u00fcr ein bestimmtes Drittland insgesamt ein angemessenes Datenschutzniveau festgestellt wurde. Ein solcher Angemessenheitsbeschluss besteht in Bezug auf Israel. Alternativ k\u00f6nnen wir Daten insbesondere auch aufgrund von mit einem Empf\u00e4nger oder f\u00fcr Empf\u00e4nger in den USA vereinbarten \u201eEU- Standardvertragsklauseln\u201c \u00fcbermitteln, sofern und soweit dies nach den geltenden Datenschutzgesetzen erforderlich ist. Auf Wunsch geben wir Ihnen gerne weitere Informationen \u00fcber die geeigneten und angemessenen Garantien f\u00fcr die Einhaltung eines angemessenen Datenschutzniveaus; die entsprechenden Kontaktdaten finden Sie am Anfang dieser Information zum Datenschutz. F\u00fcr Informationen zu den EU-Standardvertragsklauseln besuchen Sie bitte: <strong>http:\/\/eur-lex.europa.eu <\/strong>und Informationen zu den Angemessenheitsbeschl\u00fcssen finden Sie hier: <strong>https:\/\/ec.europa.eu<\/strong>.<\/p>\n\n\n\n<p><strong>VIII. Wie lange werden meine Daten gespeichert?<\/strong><\/p>\n\n\n\n<p>In der Regel speichern wir Ihre personenbezogenen Daten, solange wir ein berechtigtes Interesse an der Speicherung haben und dieses Ihr Interesse an der Einstellung der Speicherung \u00fcberwiegt. Wir k\u00f6nnen die Daten auch ohne berechtigtes Interesse weiterhin speichern, wenn wir gesetzlich dazu verpflichtet sind (z. B. zur Erf\u00fcllung von Archivierungspflichten). Wir l\u00f6schen Ihre personenbezogenen Daten ohne Ihr Zutun, sobald die Daten zur Erf\u00fcllung des Verarbeitungszwecks nicht mehr erforderlich sind oder ihre Speicherung gesetzlich anderweitig unzul\u00e4ssig ist.<\/p>\n\n\n\n<p>Die personenbezogenen Daten, die wir zur Erf\u00fcllung der Archivierungspflichten speichern m\u00fcssen, werden bis zum Ablauf der jeweiligen Archivierungspflicht gespeichert. Soweit wir personenbezogene Daten nur zur Erf\u00fcllung von Archivierungspflichten speichern, werden die Daten in der Regel gesperrt, so dass auf diese nur zugegriffen werden kann, wenn es f\u00fcr den Zweck der Archivierungspflicht erforderlich ist.<\/p>\n\n\n\n<p><strong>IX. Welche Rechte habe ich?<\/strong><\/p>\n\n\n\n<p>Folgende Rechte gelten nur:<\/p>\n\n\n\n<ul class=\"wp-block-list\"><li>f\u00fcr Betroffene, die sich in der EU befinden und deren personenbezogene Daten von uns wie oben beschrieben verarbeitet werden, sofern die Verarbeitungst\u00e4tigkeiten mit dem Angebot von Waren oder Dienstleistungen zusammenh\u00e4ngen oder sofern das Verhalten der Betroffenen \u00fcberwacht wird, soweit ihr Verhalten innerhalb der EU stattfindet;<\/li><li>f\u00fcr Betroffene, deren personenbezogene Daten im Rahmen der Aktivit\u00e4ten der elektrosk GmbH verarbeitet werden, unabh\u00e4ngig davon, ob die Verarbeitung in der EU erfolgt oder nicht.<\/li><\/ul>\n\n\n\n<p><strong>a) Das Widerspruchsrecht nach Artikel 21 DSGVO<\/strong><\/p>\n\n\n\n<p>Sie haben das Recht, der Verarbeitung Ihrer personenbezogenen Daten auf der Grundlage von Artikel 6 Abs. 1 e) oder 1 f) DSGVO aus Gr\u00fcnden, die sich auf Ihre besondere Situation beziehen, jederzeit zu widersprechen; dies gilt auch f\u00fcr Profiling auf der Grundlage dieser Bestimmungen. Sollten Sie der Verarbeitung widersprechen, werden wir Ihre personenbezogenen Daten nicht mehr verarbeiten, es sei denn, wir k\u00f6nnen zwingende berechtigte Gr\u00fcnde f\u00fcr die Verarbeitung, die Vorrang vor Ihren Interessen, Rechten und Freiheiten haben, oder f\u00fcr die Geltendmachung, Aus\u00fcbung oder Verteidigung von Rechtsanspr\u00fcchen nachweisen.<\/p>\n\n\n\n<p>Wenn wir Ihre personenbezogenen Daten f\u00fcr Zwecke der Direktwerbung verarbeiten, sind Sie berechtigt, der Verarbeitung Ihrer personenbezogenen Daten f\u00fcr solche Werbungszwecke jederzeit zu widersprechen; dies gilt auch f\u00fcr das Profiling, soweit dies im Zusammenhang mit der Direktwerbung steht. Wenn Sie der Verarbeitung f\u00fcr Zwecke der Direktwerbung widersprechen, so werden die personenbezogenen Daten nicht mehr f\u00fcr diese Zwecke verarbeitet.<\/p>\n\n\n\n<p><strong>b) Weitere Rechte<\/strong><\/p>\n\n\n\n<p>Als Betroffener haben Sie folgende Rechte:<\/p>\n\n\n\n<ul class=\"wp-block-list\"><li>Auskunft \u00fcber Ihre gespeicherten personenbezogenen Daten, Artikel 15 DSGVO <\/li><li>Berichtigung fehlerhafter oder unvollst\u00e4ndiger Daten, Artikel 16 DSGVO <\/li><li>L\u00f6schung personenbezogener Daten, Artikel 17 DSGVO<\/li><li>Einschr\u00e4nkung der Verarbeitung, Artikel 18 DSGVO und<\/li><li>Daten\u00fcbertragbarkeit, Artikel 20 DSGVO<\/li><\/ul>\n\n\n\n<p>Sie k\u00f6nnen die Einwilligung zu der uns gew\u00e4hrten Datenverarbeitung jederzeit mit Wirkung f\u00fcr die Zukunft widerrufen. Eine Mitteilung per E-Mail ist f\u00fcr diesen Zweck ausreichend. Die Rechtm\u00e4\u00dfigkeit einer vor Ihrem Widerruf vorgenommenen Datenverarbeitung bleibt von dem Widerruf unber\u00fchrt. Ferner kann die Datenverarbeitung trotz Ihres Widerrufs der Einwilligung fortgesetzt werden, wenn eine andere Rechtsgrundlage (z. B. Artikel 6 Abs. 1 b) DSGVO oder Artikel 6 Abs. 1 f) DSGVO) nachgewiesen worden ist.<\/p>\n\n\n\n<p>Um die Rechte auszu\u00fcben, k\u00f6nnen Sie sich jederzeit an uns wenden, z. B. indem Sie eine der zu Beginn dieser Information zum Datenschutz aufgef\u00fchrten Kontaktm\u00f6glichkeiten nutzen.<\/p>\n\n\n\n<p>Dar\u00fcber hinaus haben Sie das Recht, eine Beschwerde bei der f\u00fcr den Datenschutz zust\u00e4ndigen Aufsichtsbeh\u00f6rde einzureichen, Artikel 77 DSGVO.<\/p>\n","protected":false},"excerpt":{"rendered":"<p>Website: www.elektrosk.atDer Schutz Ihrer personenbezogenen Daten ist uns wichtig und wir m\u00f6chten, dass Sie sich beim Besuch unserer Website sicher f\u00fchlen. Wir halten uns an die Bestimmungen des Datenschutzrechts, insbesondere die EU-Datenschutzgrundverordnung (\u201eDSGVO\u201c). In dieser Information zum Datenschutz erl\u00e4utern wir Ihnen, welche Informationen (eingeschlossen darin personenbezogene Daten) wir verarbeiten, wenn Sie unsere Website www.elektrosk.at (\u201eWebsite\u201c) [&hellip;]<\/p>\n","protected":false},"author":1,"featured_media":0,"parent":0,"menu_order":0,"comment_status":"closed","ping_status":"closed","template":"","meta":{"_monsterinsights_skip_tracking":false,"_monsterinsights_sitenote_active":false,"_monsterinsights_sitenote_note":"","_monsterinsights_sitenote_category":0,"footnotes":""},"class_list":["post-283","page","type-page","status-publish","hentry"],"_links":{"self":[{"href":"https:\/\/elektrosk.at\/index.php\/wp-json\/wp\/v2\/pages\/283","targetHints":{"allow":["GET"]}}],"collection":[{"href":"https:\/\/elektrosk.at\/index.php\/wp-json\/wp\/v2\/pages"}],"about":[{"href":"https:\/\/elektrosk.at\/index.php\/wp-json\/wp\/v2\/types\/page"}],"author":[{"embeddable":true,"href":"https:\/\/elektrosk.at\/index.php\/wp-json\/wp\/v2\/users\/1"}],"replies":[{"embeddable":true,"href":"https:\/\/elektrosk.at\/index.php\/wp-json\/wp\/v2\/comments?post=283"}],"version-history":[{"count":0,"href":"https:\/\/elektrosk.at\/index.php\/wp-json\/wp\/v2\/pages\/283\/revisions"}],"wp:attachment":[{"href":"https:\/\/elektrosk.at\/index.php\/wp-json\/wp\/v2\/media?parent=283"}],"curies":[{"name":"wp","href":"https:\/\/api.w.org\/{rel}","templated":true}]}}