{"id":360,"date":"2022-09-16T19:37:47","date_gmt":"2022-09-16T17:37:47","guid":{"rendered":"https:\/\/elektrosk.at\/?page_id=360"},"modified":"2022-11-05T09:48:03","modified_gmt":"2022-11-05T08:48:03","slug":"offene-stellen","status":"publish","type":"page","link":"https:\/\/elektrosk.at\/index.php\/offene-stellen\/","title":{"rendered":"Offene Stellen"},"content":{"rendered":"\n<p class=\"has-normal-font-size\">Suchst du eine neue Herausforderung in einem starken Elektrisierende Team?<br>Bewirb dich jetzt und werde Teil unseres Teams!<\/p>\n\n\n\n<div class=\"wp-block-columns is-layout-flex wp-container-core-columns-is-layout-9d6595d7 wp-block-columns-is-layout-flex\">\n<div class=\"wp-block-column is-layout-flow wp-block-column-is-layout-flow\">\n<h2 class=\"has-text-color wp-block-heading\" style=\"color:#000000\"><strong>Elektroinstallationstechniker(in)<\/strong><\/h2>\n\n\n\n<h4 class=\"has-text-color wp-block-heading\" id=\"headline-304-89\" style=\"color:#000000\">Aufgabengebiet<\/h4>\n\n\n\n<p>Gl\u00fcckliche und zufriedene MitarbeiterInnen sind positiv geladen. Lassen Sie sich von dieser Energie anstecken und kommen Sie ins Team von Elektro SK.<\/p>\n\n\n\n<p>Elektroinstallationsarbeiten aller Art \u2013 von der Standard- Hausinstallation bis zur Industriesteuerung.&nbsp;Programmierung von Bus-Systemen, Netzwerktechnik, Schaltschrankbau \u2026 vom Privathaus bis zu Gro\u00dfprojekten.<\/p>\n\n\n\n<h4 class=\"has-text-color wp-block-heading\" id=\"headline-304-89\" style=\"color:#000000\">Unsere Erwartungen<\/h4>\n\n\n\n<ul class=\"wp-block-list\"><li>Abgeschlossene Ausbildung als Elektroinstallationstechniker<\/li><li>Mehrj\u00e4hrige Berufserfahrung<\/li><li>Eigenverantwortliches Arbeiten<\/li><li>Positive Arbeitseinstellung<\/li><li>Engagement und Einsatzbereitschaft<\/li><li>Teamf\u00e4higkeit<\/li><\/ul>\n\n\n\n<h4 class=\"wp-block-heading\" id=\"headline-304-89\"><span style=\"color:#000000\" class=\"has-inline-color\">Unser Angebot<\/span><\/h4>\n\n\n\n<ul class=\"wp-block-list\"><li>Freundliches, famili\u00e4res Betriebsklima<\/li><li>Interessante und herausfordernde T\u00e4tigkeit<\/li><li>Beste Rahmenbedingungen<\/li><li>Entlohnung \u00fcber Kollektivvertrag <\/li><li>\u00dcberzahlung abh\u00e4ngig von Ihrer Qualifikation und Berufserfahrung m\u00f6glich.<\/li><\/ul>\n\n\n\n<div class=\"wp-block-buttons is-layout-flex wp-block-buttons-is-layout-flex\">\n<div class=\"wp-block-button\"><a class=\"wp-block-button__link\" href=\"https:\/\/elektrosk.at\/index.php\/bewerbung\/\" target=\"_blank\" rel=\"noreferrer noopener\">Jetzt Bewerben<\/a><\/div>\n<\/div>\n<\/div>\n<\/div>\n\n\n\n<p><\/p>\n","protected":false},"excerpt":{"rendered":"<p>Suchst du eine neue Herausforderung in einem starken Elektrisierende Team?Bewirb dich jetzt und werde Teil unseres Teams! Elektroinstallationstechniker(in) Aufgabengebiet Gl\u00fcckliche und zufriedene MitarbeiterInnen sind positiv geladen. Lassen Sie sich von dieser Energie anstecken und kommen Sie ins Team von Elektro SK. Elektroinstallationsarbeiten aller Art \u2013 von der Standard- Hausinstallation bis zur Industriesteuerung.&nbsp;Programmierung von Bus-Systemen, Netzwerktechnik, [&hellip;]<\/p>\n","protected":false},"author":1,"featured_media":0,"parent":0,"menu_order":0,"comment_status":"closed","ping_status":"closed","template":"","meta":{"_monsterinsights_skip_tracking":false,"_monsterinsights_sitenote_active":false,"_monsterinsights_sitenote_note":"","_monsterinsights_sitenote_category":0,"footnotes":""},"class_list":["post-360","page","type-page","status-publish","hentry"],"_links":{"self":[{"href":"https:\/\/elektrosk.at\/index.php\/wp-json\/wp\/v2\/pages\/360","targetHints":{"allow":["GET"]}}],"collection":[{"href":"https:\/\/elektrosk.at\/index.php\/wp-json\/wp\/v2\/pages"}],"about":[{"href":"https:\/\/elektrosk.at\/index.php\/wp-json\/wp\/v2\/types\/page"}],"author":[{"embeddable":true,"href":"https:\/\/elektrosk.at\/index.php\/wp-json\/wp\/v2\/users\/1"}],"replies":[{"embeddable":true,"href":"https:\/\/elektrosk.at\/index.php\/wp-json\/wp\/v2\/comments?post=360"}],"version-history":[{"count":0,"href":"https:\/\/elektrosk.at\/index.php\/wp-json\/wp\/v2\/pages\/360\/revisions"}],"wp:attachment":[{"href":"https:\/\/elektrosk.at\/index.php\/wp-json\/wp\/v2\/media?parent=360"}],"curies":[{"name":"wp","href":"https:\/\/api.w.org\/{rel}","templated":true}]}}