{"id":43,"date":"2021-05-22T19:26:56","date_gmt":"2021-05-22T17:26:56","guid":{"rendered":"https:\/\/elektrosk.at\/?page_id=43"},"modified":"2022-09-16T22:02:05","modified_gmt":"2022-09-16T20:02:05","slug":"leistungen","status":"publish","type":"page","link":"https:\/\/elektrosk.at\/index.php\/leistungen\/","title":{"rendered":"Leistungen"},"content":{"rendered":"\n<div class=\"wp-block-columns is-layout-flex wp-container-core-columns-is-layout-9d6595d7 wp-block-columns-is-layout-flex\">\n<div class=\"wp-block-column is-layout-flow wp-block-column-is-layout-flow\">\n<div class=\"wp-block-columns is-layout-flex wp-container-core-columns-is-layout-9d6595d7 wp-block-columns-is-layout-flex\">\n<div class=\"wp-block-column is-layout-flow wp-block-column-is-layout-flow\">\n<h4 class=\"has-text-color wp-block-heading\" id=\"headline-304-89\" style=\"color:#000000\">Aufgabengebiet<\/h4>\n\n\n\n<p>Wir wollen die Beste L\u00f6sung f\u00fcr Sie finden und informieren Sie dabei \u00fcber neue Technologien und M\u00f6glichkeiten innerhalb der Vorschriften. Bei uns finden Sie eine gro\u00dfe Auswahl aktueller Designs von Schaltermaterial, Sprechanlagen, Leuchten und verschiedener Elektroger\u00e4te. Der sparsame Einsatz von Energie schont die Natur und die Geldb\u00f6rse. Wir beraten Sie gerne \u00fcber die verschiedensten M\u00f6glichkeiten weniger Strom zu verbrauchen. Alleine im Beleuchtungsbereich gibt es \u201eEnergiefresser\u201c die nur 6 Lumen\/Watt erzielen bis hin zu waren \u201eSparmeistern\u201c die bis zu 120 Lumen\/Watt erreichen also bei gleicher Lichtmenge nur 5% an Strom ben\u00f6tigen. \u00dcber den hohen Verbrauch von Elektroger\u00e4ten im Stand-by Betrieb wurde schon sehr viel berichtet. Wir zeigen Ihnen M\u00f6glichkeiten diesen Verbrauch auf ein Minimum zu reduzieren und trotzdem nicht auf den Komfort von Fernbedienungen verzichten zu m\u00fcssen.<\/p>\n\n\n\n<h4 class=\"has-text-color wp-block-heading\" id=\"headline-304-89\" style=\"color:#000000\">Planung<\/h4>\n\n\n\n<p>Wir planen f\u00fcr Sie jede Art der Elektroinstallation f\u00fcr Neu- und Umbauten im privaten und gewerblichen Bereich. Dabei arbeiten wir mit den neuesten CAD und EDV Programmen und erstellen Ihnen Installationspl\u00e4ne, Stromlaufpl\u00e4ne, Verteilerpl\u00e4ne bis hin zu normgerechten Leistungsverzeichnissen. Lichtplanungen k\u00f6nnen zus\u00e4tzlich noch in realistischen 3D Darstellungen visualisiert werden.<br><\/p>\n\n\n\n<h4 class=\"has-text-color wp-block-heading\" id=\"headline-304-89\" style=\"color:#000000\">Ausf\u00fchrung<\/h4>\n\n\n\n<p>Wie Sie anhand unserer Referenzprojekte sehen k\u00f6nnen reicht unser Leistungsangebot von einfachen Steckdosenerweiterungen bis hin zu modernen, technisch aufwendigen Gro\u00dfprojekten. -StarkstromanlagenWir sind Ihr Partner f\u00fcr jede Elektroinstallation. Neubauten, beginnend mit Einlegearbeiten bis hin zur fertigen Komplettierung, geh\u00f6ren zu unserem Erfahrungsbereich genauso wie die Sanierung von Altbauten. Bei Altbauten konnten wir schon oft unser Geschick Kabel m\u00f6glichst schonend zu verlegen unter Beweis stellen, damit es bei einer Sanierung bleibt und nicht gleich eine Abbruchbaustelle wird. -EmpfangssystemeSpeziell geschulte Mitarbeiter, unterst\u00fctzt durch modernste Messger\u00e4te garantieren eine rasche Umsetzung oder Reparatur von analogen und digitalen Satellitenanlagen, terrestrischen Empfangsanlagen oder Kabelfernsehinstallationen. Dabei realisieren wir komplexe Anlagen f\u00fcr 100 Teilnehmer genauso souver\u00e4n wie einfache Einfamiliensysteme. <\/p>\n\n\n\n<h4 class=\"has-text-color wp-block-heading\" id=\"headline-304-89\" style=\"color:#000000\">Sprechanlagen<\/h4>\n\n\n\n<p>Unsere langj\u00e4hrige T\u00e4tigkeit f\u00fcr Hausverwaltungen hat uns praktisch zum Spezialisten f\u00fcr jede Art von Sprechanlage gemacht. Herk\u00f6mmliche Verdrahtungen sind uns genauso gel\u00e4ufig wie Bus- oder Zweidrahtanlagen. Die Einbindung mehrerer T\u00fcrstationen, bestehender Telefonanlagen und Videokameras wird von uns sicher und kompetent umgesetzt. <\/p>\n\n\n\n<h4 class=\"has-text-color wp-block-heading\" id=\"headline-304-89\" style=\"color:#000000\">EDV-Netzwerkverkabelungen<\/h4>\n\n\n\n<p>Die Anforderungen an EDV Systeme wird st\u00e4ndig gr\u00f6\u00dfer. Immer schnellere Geschwindigkeiten bei der Daten\u00fcbertragung werden nur erreicht, wenn bei der Verlegung der Kabel, dem Einbau von RJ45 Dosen und dem Anschluss an Patchpanel alles richtig gemacht wird. Ein zu kleiner Biegeradius, eine zu gro\u00dfe Belastung beim Einziehen der Kabel oder eine Isolierung die zu weit entfernt wurde reichen aus damit die \u00dcbertragungsgeschwindigkeit eines Netzwerkes stark reduziert wird. Wir haben die Erfahrung und Wissen f\u00fcr Ihre Anlage. Ein Messprotokoll nach Fertigstellung, das die Qualit\u00e4t des Netzwerkes belegt, ist bei uns selbstverst\u00e4ndlich. <\/p>\n\n\n\n<h4 class=\"has-text-color wp-block-heading\" id=\"headline-304-89\" style=\"color:#000000\">Beleuchtungsanlagen<\/h4>\n\n\n\n<p>Licht ist ein wichtiger Teil in unserem Leben. Es verbreitet Gem\u00fctlichkeit im Wohnbereich, Sicherheit bei der Arbeit und im Alltag, wirkt verkaufsf\u00f6rdernd bei der Pr\u00e4sentation von Waren und unterst\u00fctzt das Auge bei konzentrierter T\u00e4tigkeit. Gerade in letzter Zeit werden noch weitere Anforderungen an eine gute Beleuchtung gestellt. Licht soll weniger Energie verbrauchen, Leuchtmittel l\u00e4nger halten und es soll komfortable Steuerungen geben. Gemeinsam mit einem Partner, mit mehr als 15 Jahren Erfahrung in der Lichtplanung, k\u00f6nnen wir Ihnen die richtige L\u00f6sung f\u00fcr Ihre Anspr\u00fcche realisieren. <\/p>\n\n\n\n<h4 class=\"has-text-color wp-block-heading\" id=\"headline-304-89\" style=\"color:#000000\">St\u00f6r- und Reparaturdienst<\/h4>\n\n\n\n<p>Leider kann es immer wieder vorkommen, dass etwas nicht mehr richtig funktioniert oder defekt wird. Gerade dann ist eine schnelle Hilfe gefragt. Die Behebung von St\u00f6rungen und Reparaturen werden sehr rasch und f\u00fcr Sie so kosteng\u00fcnstig wie m\u00f6glich, erledigt. Dabei sind Sie bei uns in den allerbesten H\u00e4nden und die meisten St\u00f6rungen werden vom Chef pers\u00f6nlich und schnell erledigt.<\/p>\n<\/div>\n<\/div>\n<\/div>\n<\/div>\n","protected":false},"excerpt":{"rendered":"<p>Aufgabengebiet Wir wollen die Beste L\u00f6sung f\u00fcr Sie finden und informieren Sie dabei \u00fcber neue Technologien und M\u00f6glichkeiten innerhalb der Vorschriften. Bei uns finden Sie eine gro\u00dfe Auswahl aktueller Designs von Schaltermaterial, Sprechanlagen, Leuchten und verschiedener Elektroger\u00e4te. Der sparsame Einsatz von Energie schont die Natur und die Geldb\u00f6rse. Wir beraten Sie gerne \u00fcber die verschiedensten [&hellip;]<\/p>\n","protected":false},"author":1,"featured_media":0,"parent":0,"menu_order":0,"comment_status":"closed","ping_status":"closed","template":"","meta":{"_monsterinsights_skip_tracking":false,"_monsterinsights_sitenote_active":false,"_monsterinsights_sitenote_note":"","_monsterinsights_sitenote_category":0,"footnotes":""},"class_list":["post-43","page","type-page","status-publish","hentry"],"_links":{"self":[{"href":"https:\/\/elektrosk.at\/index.php\/wp-json\/wp\/v2\/pages\/43","targetHints":{"allow":["GET"]}}],"collection":[{"href":"https:\/\/elektrosk.at\/index.php\/wp-json\/wp\/v2\/pages"}],"about":[{"href":"https:\/\/elektrosk.at\/index.php\/wp-json\/wp\/v2\/types\/page"}],"author":[{"embeddable":true,"href":"https:\/\/elektrosk.at\/index.php\/wp-json\/wp\/v2\/users\/1"}],"replies":[{"embeddable":true,"href":"https:\/\/elektrosk.at\/index.php\/wp-json\/wp\/v2\/comments?post=43"}],"version-history":[{"count":0,"href":"https:\/\/elektrosk.at\/index.php\/wp-json\/wp\/v2\/pages\/43\/revisions"}],"wp:attachment":[{"href":"https:\/\/elektrosk.at\/index.php\/wp-json\/wp\/v2\/media?parent=43"}],"curies":[{"name":"wp","href":"https:\/\/api.w.org\/{rel}","templated":true}]}}